{"id":10,"date":"2015-08-26T14:54:02","date_gmt":"2015-08-26T14:54:02","guid":{"rendered":"http:\/\/alterconsos.fr\/blog\/?page_id=10"},"modified":"2015-08-26T14:54:02","modified_gmt":"2015-08-26T14:54:02","slug":"nous-contacter","status":"publish","type":"page","link":"http:\/\/alterconsos.fr\/blog\/?page_id=10","title":{"rendered":"Nous contacter"},"content":{"rendered":"<p>Nous \u00e9crire, nous t\u00e9l\u00e9phoner &#8230;<\/p>\n","protected":false},"excerpt":{"rendered":"<p>Nous \u00e9crire, nous t\u00e9l\u00e9phoner &#8230;<\/p>\n<p class=\"more-link-p\"><a class=\"more-link\" href=\"http:\/\/alterconsos.fr\/blog\/?page_id=10\">Read more &rarr;<\/a><\/p>\n","protected":false},"author":1,"featured_media":0,"parent":0,"menu_order":0,"comment_status":"open","ping_status":"open","template":"","meta":[],"_links":{"self":[{"href":"http:\/\/alterconsos.fr\/blog\/index.php?rest_route=\/wp\/v2\/pages\/10"}],"collection":[{"href":"http:\/\/alterconsos.fr\/blog\/index.php?rest_route=\/wp\/v2\/pages"}],"about":[{"href":"http:\/\/alterconsos.fr\/blog\/index.php?rest_route=\/wp\/v2\/types\/page"}],"author":[{"embeddable":true,"href":"http:\/\/alterconsos.fr\/blog\/index.php?rest_route=\/wp\/v2\/users\/1"}],"replies":[{"embeddable":true,"href":"http:\/\/alterconsos.fr\/blog\/index.php?rest_route=%2Fwp%2Fv2%2Fcomments&post=10"}],"version-history":[{"count":1,"href":"http:\/\/alterconsos.fr\/blog\/index.php?rest_route=\/wp\/v2\/pages\/10\/revisions"}],"predecessor-version":[{"id":11,"href":"http:\/\/alterconsos.fr\/blog\/index.php?rest_route=\/wp\/v2\/pages\/10\/revisions\/11"}],"wp:attachment":[{"href":"http:\/\/alterconsos.fr\/blog\/index.php?rest_route=%2Fwp%2Fv2%2Fmedia&parent=10"}],"curies":[{"name":"wp","href":"https:\/\/api.w.org\/{rel}","templated":true}]}}