{"id":36,"date":"2015-08-27T10:28:59","date_gmt":"2015-08-27T10:28:59","guid":{"rendered":"http:\/\/alterconsos.fr\/blog\/?page_id=36"},"modified":"2018-04-04T11:39:46","modified_gmt":"2018-04-04T10:39:46","slug":"nos-producteurs","status":"publish","type":"page","link":"http:\/\/alterconsos.fr\/blog\/?page_id=36","title":{"rendered":"Nos producteurs"},"content":{"rendered":"<h2>Des producteurs<br \/>\nheureux de conna\u00eetre ceux qui appr\u00e9cient la qualit\u00e9 de leurs produits<\/h2>\n<p>Quelques dizaines de producteurs isol\u00e9s ou en groupements de 5 \u00e0 20 producteurs install\u00e9s en <span class=\"italic\">Normandie, Bretagne, Auvergne, Franche-Cont\u00e9, Pays-de-Loire, Andalousie, Gr\u00e8ce,<\/span> proposent un catalogue vari\u00e9 :<\/p>\n<ul>\n<li class=\"r1\"><span class=\"sansSerifB\">Fruits et l\u00e9gumes : <\/span>betteraves, carottes, courges, c\u00e9leri, \u00e9chalotes, pommes de terres, filet \u00ab\u00a0pot au feu\u00a0\u00bb, panier \u00ab\u00a0surprise\u00a0\u00bb, oranges, cl\u00e9mentines, pamplemousses, pommes, poires, avocats, etc.<\/li>\n<li class=\"r1\"><span class=\"sansSerifB\">Cr\u00e8merie : <\/span>fromages de ch\u00e8vre \/ vache, fromages blancs et faisselles, \u0153ufs, yaourts nature \/ aux fruits, lait, morbier, comt\u00e9, etc.<\/li>\n<li class=\"r1\"><span class=\"sansSerifB\">Boucherie : <\/span>volailles poulets \/ pintades, canards magrets \/ foies gras, b\u0153uf colis \/ steaks hach\u00e9s, veau et broutard, agneaux noirs \/ blancs, brochettes \/ merguez \/ saucisses, porcs, etc.<\/li>\n<\/ul>\n<div class=\"r1\"><span class=\"sansSerifB\">Et toutes sortes de choses : <\/span>calvados, cidre, vin, amandes, noix, raisins secs, confitures, miels, hu\u00eetres, etc.<\/div>\n<p>Environ 500 produits <span class=\"sansSerifB\">d&rsquo;agriculture paysanne<\/span> ayant eu le temps de grandir, en libert\u00e9 et \u00e0 \u00e9chelle humaine.<br \/>\n<span class=\"sansSerifB\">Souvent Bio,<\/span> labellis\u00e9 ou non, mais pas toujours.<\/p>\n","protected":false},"excerpt":{"rendered":"<p>Des producteurs heureux de conna\u00eetre ceux qui appr\u00e9cient la qualit\u00e9 de leurs produits Quelques dizaines de producteurs isol\u00e9s ou en groupements de 5 \u00e0 20 producteurs install\u00e9s en Normandie, Bretagne, Auvergne, Franche-Cont\u00e9, Pays-de-Loire, Andalousie, Gr\u00e8ce, proposent un catalogue vari\u00e9 :&hellip;<\/p>\n<p class=\"more-link-p\"><a class=\"more-link\" href=\"http:\/\/alterconsos.fr\/blog\/?page_id=36\">Read more &rarr;<\/a><\/p>\n","protected":false},"author":3,"featured_media":0,"parent":0,"menu_order":0,"comment_status":"open","ping_status":"open","template":"","meta":[],"_links":{"self":[{"href":"http:\/\/alterconsos.fr\/blog\/index.php?rest_route=\/wp\/v2\/pages\/36"}],"collection":[{"href":"http:\/\/alterconsos.fr\/blog\/index.php?rest_route=\/wp\/v2\/pages"}],"about":[{"href":"http:\/\/alterconsos.fr\/blog\/index.php?rest_route=\/wp\/v2\/types\/page"}],"author":[{"embeddable":true,"href":"http:\/\/alterconsos.fr\/blog\/index.php?rest_route=\/wp\/v2\/users\/3"}],"replies":[{"embeddable":true,"href":"http:\/\/alterconsos.fr\/blog\/index.php?rest_route=%2Fwp%2Fv2%2Fcomments&post=36"}],"version-history":[{"count":5,"href":"http:\/\/alterconsos.fr\/blog\/index.php?rest_route=\/wp\/v2\/pages\/36\/revisions"}],"predecessor-version":[{"id":141,"href":"http:\/\/alterconsos.fr\/blog\/index.php?rest_route=\/wp\/v2\/pages\/36\/revisions\/141"}],"wp:attachment":[{"href":"http:\/\/alterconsos.fr\/blog\/index.php?rest_route=%2Fwp%2Fv2%2Fmedia&parent=36"}],"curies":[{"name":"wp","href":"https:\/\/api.w.org\/{rel}","templated":true}]}}